{"id":6,"date":"2025-11-17T12:15:03","date_gmt":"2025-11-17T12:15:03","guid":{"rendered":"https:\/\/prueba.upv.edu.es\/?page_id=6"},"modified":"2025-11-17T12:15:03","modified_gmt":"2025-11-17T12:15:03","slug":"prueba","status":"publish","type":"page","link":"https:\/\/prueba.upv.edu.es\/?page_id=6","title":{"rendered":"Prueba"},"content":{"rendered":"\n<div class=\"wp-block-group alignfull has-accent-background-color has-background has-global-padding is-layout-constrained wp-container-core-group-is-layout-669513ed wp-block-group-is-layout-constrained\" style=\"margin-top:0;margin-bottom:0;padding-top:var(--wp--preset--spacing--50);padding-right:var(--wp--preset--spacing--50);padding-bottom:var(--wp--preset--spacing--50);padding-left:var(--wp--preset--spacing--50)\">\n<div class=\"wp-block-columns alignwide is-layout-flex wp-container-core-columns-is-layout-1da03c2a wp-block-columns-is-layout-flex\">\n<div class=\"wp-block-column is-vertically-aligned-stretch is-layout-flow wp-block-column-is-layout-flow\" style=\"flex-basis:50%\">\n<div class=\"wp-block-group is-vertical is-content-justification-stretch is-layout-flex wp-container-core-group-is-layout-444d5ee8 wp-block-group-is-layout-flex\" style=\"min-height:100%\">\n<p class=\"has-heading-font-family has-x-large-font-size\" style=\"line-height:1.2\">\u00c9tudes ofrece soluciones integrales de consultor\u00eda, gesti\u00f3n, dise\u00f1o e investigaci\u00f3n. Cada esfuerzo arquitect\u00f3nico es una oportunidad para dar forma al futuro.<\/p>\n\n\n\n<div class=\"wp-block-group has-global-padding is-content-justification-left is-layout-constrained wp-container-core-group-is-layout-9fe8ed88 wp-block-group-is-layout-constrained\">\n<p class=\"wp-container-content-0733e5d0\">Dejando una huella indeleble en el paisaje del ma\u00f1ana.<\/p>\n\n\n\n<div class=\"wp-block-buttons is-layout-flex wp-block-buttons-is-layout-flex\">\n<div class=\"wp-block-button\"><a class=\"wp-block-button__link wp-element-button\">Acerca de nosotros<\/a><\/div>\n<\/div>\n<\/div>\n<\/div>\n<\/div>\n\n\n\n<div class=\"wp-block-column is-vertically-aligned-center is-layout-flow wp-block-column-is-layout-flow\" style=\"flex-basis:50%\">\n<figure class=\"wp-block-image size-large is-style-rounded is-style-rounded--1\"><img decoding=\"async\" src=\"https:\/\/prueba.upv.edu.es\/wp-content\/themes\/twentytwentyfour\/assets\/images\/museum.webp\" alt=\"Una rampa a lo largo de una pared curva en el Museo Kiasma, Helsinki, Finlandia\" style=\"aspect-ratio:3\/4;object-fit:cover\"\/><\/figure>\n<\/div>\n<\/div>\n<\/div>\n\n\n\n<div class=\"wp-block-group alignfull has-base-background-color has-background has-global-padding is-layout-constrained wp-container-core-group-is-layout-d89aad35 wp-block-group-is-layout-constrained\" style=\"margin-top:0;margin-bottom:0;padding-top:var(--wp--preset--spacing--50);padding-right:var(--wp--preset--spacing--50);padding-bottom:var(--wp--preset--spacing--50);padding-left:var(--wp--preset--spacing--50)\">\n<div class=\"wp-block-columns alignwide is-layout-flex wp-container-core-columns-is-layout-549b0c86 wp-block-columns-is-layout-flex\">\n<div class=\"wp-block-column has-global-padding is-content-justification-left is-layout-constrained wp-container-core-column-is-layout-4f15e8fe wp-block-column-is-layout-constrained\" style=\"flex-basis:40%\">\n<p>La revitalizada galer\u00eda de arte est\u00e1 llamada a redefinir el paisaje cultural.<\/p>\n<\/div>\n\n\n\n<div class=\"wp-block-column is-layout-flow wp-container-core-column-is-layout-119bc444 wp-block-column-is-layout-flow\" style=\"flex-basis:60%\">\n<p class=\"has-heading-font-family has-x-large-font-size\" style=\"line-height:1.2\">Con una meticulosa atenci\u00f3n al detalle y un compromiso con la excelencia, creamos espacios que inspiran, elevan y enriquecen la vida de quienes los habitan.<\/p>\n\n\n\n<div class=\"wp-block-columns is-layout-flex wp-container-core-columns-is-layout-87beb0d0 wp-block-columns-is-layout-flex\">\n<div class=\"wp-block-column is-layout-flow wp-block-column-is-layout-flow\">\n<p class=\"wp-container-content-9cfa9a5a\">La revitalizada Galer\u00eda de Arte est\u00e1 llamada a redefinir el paisaje cultural de Toronto, sirviendo de nexo de expresi\u00f3n art\u00edstica, compromiso comunitario y maravilla arquitect\u00f3nica. El proyecto de ampliaci\u00f3n y renovaci\u00f3n rinde homenaje a la rica historia de la Galer\u00eda de Arte al tiempo que abraza el futuro, garantizando que la galer\u00eda siga siendo un faro de inspiraci\u00f3n.<\/p>\n<\/div>\n\n\n\n<div class=\"wp-block-column is-layout-flow wp-block-column-is-layout-flow\">\n<p>La revitalizada Galer\u00eda de Arte est\u00e1 llamada a redefinir el paisaje cultural de Toronto, sirviendo de nexo de expresi\u00f3n art\u00edstica, compromiso comunitario y maravilla arquitect\u00f3nica. El proyecto de ampliaci\u00f3n y renovaci\u00f3n rinde homenaje a la rica historia de la Galer\u00eda de Arte al tiempo que abraza el futuro, garantizando que la galer\u00eda siga siendo un faro de inspiraci\u00f3n.<\/p>\n<\/div>\n<\/div>\n<\/div>\n<\/div>\n<\/div>\n\n\n\n<div class=\"wp-block-group alignfull has-accent-5-background-color has-background has-global-padding is-layout-constrained wp-container-core-group-is-layout-d89aad35 wp-block-group-is-layout-constrained\" style=\"margin-top:0;margin-bottom:0;padding-top:var(--wp--preset--spacing--50);padding-right:var(--wp--preset--spacing--50);padding-bottom:var(--wp--preset--spacing--50);padding-left:var(--wp--preset--spacing--50)\">\n<div class=\"wp-block-columns alignwide is-layout-flex wp-container-core-columns-is-layout-1da03c2a wp-block-columns-is-layout-flex\">\n<div class=\"wp-block-column is-vertically-aligned-center is-layout-flow wp-block-column-is-layout-flow\" style=\"flex-basis:60%\">\n<figure class=\"wp-block-image size-full is-style-rounded wp-duotone-duotone-1 is-style-rounded--2\"><img decoding=\"async\" src=\"https:\/\/prueba.upv.edu.es\/wp-content\/themes\/twentytwentyfour\/assets\/images\/abstract-geometric-art.webp\" alt=\"Obra de arte geom\u00e9trica abstracta blanca de Dresde, Alemania\" style=\"aspect-ratio:4\/3;object-fit:cover\"\/><\/figure>\n<\/div>\n\n\n\n<div class=\"wp-block-column is-layout-flow wp-block-column-is-layout-flow\" style=\"flex-basis:40%\">\n<h2 class=\"wp-block-heading\">Guiando a tu empresa a trav\u00e9s del proyecto<\/h2>\n\n\n\n<p>Experimenta la fusi\u00f3n de imaginaci\u00f3n y experiencia con \u00c9tudes, el catalizador de las transformaciones arquitect\u00f3nicas que enriquecen el mundo que nos rodea.<\/p>\n\n\n\n<div class=\"wp-block-buttons is-layout-flex wp-block-buttons-is-layout-flex\">\n<div class=\"wp-block-button\"><a class=\"wp-block-button__link wp-element-button\">Nuestros servicios<\/a><\/div>\n<\/div>\n<\/div>\n<\/div>\n<\/div>\n\n\n\n<div class=\"wp-block-group alignfull has-global-padding is-layout-constrained wp-container-core-group-is-layout-669513ed wp-block-group-is-layout-constrained\" style=\"margin-top:0;margin-bottom:0;padding-top:var(--wp--preset--spacing--50);padding-right:var(--wp--preset--spacing--50);padding-bottom:var(--wp--preset--spacing--50);padding-left:var(--wp--preset--spacing--50)\">\n<div class=\"wp-block-group is-vertical is-content-justification-center is-layout-flex wp-container-core-group-is-layout-ce155fab wp-block-group-is-layout-flex\">\n<h2 class=\"wp-block-heading has-text-align-center has-xx-large-font-size\">Conoce a nuestro equipo<\/h2>\n\n\n\n<p class=\"has-text-align-center\">Nuestro amplio conjunto de profesionales atiende a un equipo diverso, que va desde arquitectos experimentados a ingenieros de renombre.<\/p>\n<\/div>\n\n\n\n<div style=\"height:var(--wp--preset--spacing--30)\" aria-hidden=\"true\" class=\"wp-block-spacer\"><\/div>\n\n\n\n<div class=\"wp-block-columns alignwide is-layout-flex wp-container-core-columns-is-layout-4935966c wp-block-columns-is-layout-flex\" style=\"padding-right:0;padding-left:0\">\n<div class=\"wp-block-column is-layout-flow wp-block-column-is-layout-flow\">\n\n\n<div class=\"wp-block-group is-vertical is-content-justification-center is-nowrap is-layout-flex wp-container-core-group-is-layout-21d4e958 wp-block-group-is-layout-flex\">\n<p class=\"has-text-align-center has-small-font-size\">\n\t\t\t\t\t<strong>Francesca Piovani<\/strong>\n\t\t\t\t<\/p>\n\n\n\n<p class=\"has-text-align-center has-small-font-size\">Fundador, Director general y Arquitecto<\/p>\n<\/div>\n<\/div>\n\n\n\n<div class=\"wp-block-column is-layout-flow wp-block-column-is-layout-flow\">\n\n\n<div class=\"wp-block-group is-vertical is-content-justification-center is-nowrap is-layout-flex wp-container-core-group-is-layout-63bfd6c1 wp-block-group-is-layout-flex\">\n<p class=\"has-text-align-center has-small-font-size\">\n\t\t\t\t\t<strong>Rhye Moore<\/strong>\n\t\t\t\t<\/p>\n\n\n\n<p class=\"has-text-align-center has-small-font-size\">Director de ingenier\u00eda<\/p>\n<\/div>\n<\/div>\n\n\n\n<div class=\"wp-block-column is-layout-flow wp-block-column-is-layout-flow\">\n\n\n<div class=\"wp-block-group is-vertical is-content-justification-center is-nowrap is-layout-flex wp-container-core-group-is-layout-63bfd6c1 wp-block-group-is-layout-flex\">\n<p class=\"has-text-align-center has-small-font-size\">\n\t\t\t\t\t<strong>Helga Steiner<\/strong>\n\t\t\t\t<\/p>\n\n\n\n<p class=\"has-text-align-center has-small-font-size\">Arquitecto<\/p>\n<\/div>\n<\/div>\n\n\n\n<div class=\"wp-block-column is-layout-flow wp-block-column-is-layout-flow\">\n\n\n<div class=\"wp-block-group is-vertical is-content-justification-center is-nowrap is-layout-flex wp-container-core-group-is-layout-21d4e958 wp-block-group-is-layout-flex\">\n<p class=\"has-text-align-center has-small-font-size\">\n\t\t\t\t\t<strong>Ivan Lawrence<\/strong>\n\t\t\t\t<\/p>\n\n\n\n<p class=\"has-text-align-center has-small-font-size\">Gestor de proyectos<\/p>\n<\/div>\n<\/div>\n<\/div>\n<\/div>\n\n\n\n<div class=\"wp-block-group alignfull has-global-padding is-layout-constrained wp-container-core-group-is-layout-d89aad35 wp-block-group-is-layout-constrained\" style=\"margin-top:0;margin-bottom:0;padding-top:var(--wp--preset--spacing--50);padding-right:var(--wp--preset--spacing--50);padding-bottom:var(--wp--preset--spacing--50);padding-left:var(--wp--preset--spacing--50)\">\n<div class=\"wp-block-group alignwide has-base-2-background-color has-background is-layout-flow wp-block-group-is-layout-flow\" style=\"border-radius:16px;padding-top:var(--wp--preset--spacing--50);padding-right:var(--wp--preset--spacing--50);padding-bottom:var(--wp--preset--spacing--50);padding-left:var(--wp--preset--spacing--50)\">\n<p class=\"has-text-align-center\">We\u2019ve worked with some of the best companies.<\/p>\n\n\n\n<div style=\"height:var(--wp--preset--spacing--10)\" aria-hidden=\"true\" class=\"wp-block-spacer\"><\/div>\n\n\n\n<div class=\"wp-block-group alignwide is-content-justification-center is-layout-flex wp-container-core-group-is-layout-f95ffa09 wp-block-group-is-layout-flex\" style=\"padding-top:0;padding-right:0;padding-bottom:0;padding-left:0\">\n\n\n\n\n\n\n\n<\/div>\n<\/div>\n<\/div>\n\n\n\n<div class=\"wp-block-group alignfull has-base-color has-contrast-background-color has-text-color has-background has-link-color wp-elements-2b17c0af9acfb014bdb514a1306e090e has-global-padding is-layout-constrained wp-container-core-group-is-layout-d89aad35 wp-block-group-is-layout-constrained\" style=\"margin-top:0;margin-bottom:0;padding-top:var(--wp--preset--spacing--50);padding-right:var(--wp--preset--spacing--50);padding-bottom:var(--wp--preset--spacing--50);padding-left:var(--wp--preset--spacing--50)\">\n<h2 class=\"wp-block-heading alignwide has-base-color has-text-color has-link-color wp-elements-c9b5699bdecff18878afa112249018b5\" style=\"font-size:clamp(4.509rem, 4.509rem + ((1vw - 0.2rem) * 9.152), 10rem);letter-spacing:-0.02em\">FAQs<\/h2>\n\n\n\n<div class=\"wp-block-group alignwide is-layout-flow wp-block-group-is-layout-flow\">\n<hr class=\"wp-block-separator has-text-color has-base-color has-alpha-channel-opacity has-base-background-color has-background is-style-wide\" style=\"margin-top:var(--wp--preset--spacing--30);margin-bottom:var(--wp--preset--spacing--30)\"\/>\n\n\n\n<h3 class=\"wp-block-heading alignwide has-base-2-color has-text-color has-link-color wp-elements-25d6da71ebe9bf994d977c4a805a9dc3\">\u00bfCu\u00e1l es tu proceso de trabajo en proyectos m\u00e1s peque\u00f1os?<\/h3>\n\n\n\n<p class=\"has-contrast-1-color has-text-color has-link-color wp-elements-a4f83e381433159d820c456fe41a2624\">\u00c9tudes ofrece soluciones integrales de consultor\u00eda, gesti\u00f3n, dise\u00f1o e investigaci\u00f3n. Nuestra visi\u00f3n es estar a la vanguardia de la innovaci\u00f3n arquitect\u00f3nica, fomentando una comunidad global de arquitectos y entusiastas unidos por la pasi\u00f3n de crear espacios. Cada esfuerzo arquitect\u00f3nico es una oportunidad para dar forma al futuro.<\/p>\n\n\n\n<hr class=\"wp-block-separator has-text-color has-base-color has-alpha-channel-opacity has-base-background-color has-background is-style-wide\" style=\"margin-top:var(--wp--preset--spacing--30);margin-bottom:var(--wp--preset--spacing--30)\"\/>\n\n\n\n<h3 class=\"wp-block-heading alignwide has-base-2-color has-text-color has-link-color wp-elements-2e6d39df67ffbb9998e077ba3e866d2c\">\u00bfQui\u00e9n est\u00e1 tras \u00c9tudes?<\/h3>\n\n\n\n<p class=\"has-contrast-1-color has-text-color has-link-color wp-elements-a4f83e381433159d820c456fe41a2624\">\u00c9tudes ofrece soluciones integrales de consultor\u00eda, gesti\u00f3n, dise\u00f1o e investigaci\u00f3n. Nuestra visi\u00f3n es estar a la vanguardia de la innovaci\u00f3n arquitect\u00f3nica, fomentando una comunidad global de arquitectos y entusiastas unidos por la pasi\u00f3n de crear espacios. Cada esfuerzo arquitect\u00f3nico es una oportunidad para dar forma al futuro.<\/p>\n\n\n\n<hr class=\"wp-block-separator has-text-color has-base-color has-alpha-channel-opacity has-base-background-color has-background is-style-wide\" style=\"margin-top:var(--wp--preset--spacing--30);margin-bottom:var(--wp--preset--spacing--30)\"\/>\n\n\n\n<h3 class=\"wp-block-heading alignwide has-base-2-color has-text-color has-link-color wp-elements-7a1327611be210b57333feb103c1218e\">Me gustar\u00eda conocer a otros arquitectos, \u00bfc\u00f3mo puedo hacerlo?<\/h3>\n\n\n\n<p class=\"has-contrast-1-color has-text-color has-link-color wp-elements-a4f83e381433159d820c456fe41a2624\">\u00c9tudes ofrece soluciones integrales de consultor\u00eda, gesti\u00f3n, dise\u00f1o e investigaci\u00f3n. Nuestra visi\u00f3n es estar a la vanguardia de la innovaci\u00f3n arquitect\u00f3nica, fomentando una comunidad global de arquitectos y entusiastas unidos por la pasi\u00f3n de crear espacios. Cada esfuerzo arquitect\u00f3nico es una oportunidad para dar forma al futuro.<\/p>\n\n\n\n<hr class=\"wp-block-separator has-text-color has-base-color has-alpha-channel-opacity has-base-background-color has-background is-style-wide\" style=\"margin-top:var(--wp--preset--spacing--30);margin-bottom:var(--wp--preset--spacing--30)\"\/>\n\n\n\n<h3 class=\"wp-block-heading alignwide has-base-2-color has-text-color has-link-color wp-elements-c5098d1d10efccb5633b431f76dff0d0\">\u00bfPuedo solicitar formar parte del equipo o trabajar como contratista?<\/h3>\n\n\n\n<p class=\"has-contrast-1-color has-text-color has-link-color wp-elements-a4f83e381433159d820c456fe41a2624\">\u00c9tudes ofrece soluciones integrales de consultor\u00eda, gesti\u00f3n, dise\u00f1o e investigaci\u00f3n. Nuestra visi\u00f3n es estar a la vanguardia de la innovaci\u00f3n arquitect\u00f3nica, fomentando una comunidad global de arquitectos y entusiastas unidos por la pasi\u00f3n de crear espacios. Cada esfuerzo arquitect\u00f3nico es una oportunidad para dar forma al futuro.<\/p>\n\n\n\n<div style=\"margin-top:var(--wp--preset--spacing--10);margin-bottom:0;height:var(--wp--preset--spacing--10)\" aria-hidden=\"true\" class=\"wp-block-spacer\"><\/div>\n<\/div>\n<\/div>\n\n\n\n<div class=\"wp-block-group alignfull has-global-padding is-layout-constrained wp-container-core-group-is-layout-d89aad35 wp-block-group-is-layout-constrained\" style=\"margin-top:0;margin-bottom:0;padding-top:var(--wp--preset--spacing--50);padding-right:var(--wp--preset--spacing--50);padding-bottom:var(--wp--preset--spacing--50);padding-left:var(--wp--preset--spacing--50)\">\n<div class=\"wp-block-columns alignwide are-vertically-aligned-center is-layout-flex wp-container-core-columns-is-layout-47c06fe3 wp-block-columns-is-layout-flex\">\n<div class=\"wp-block-column is-vertically-aligned-center is-layout-flow wp-block-column-is-layout-flow\" style=\"flex-basis:50%\">\n<h2 class=\"wp-block-heading\">Mejora tu viaje arquitect\u00f3nico con la aplicaci\u00f3n \u00c9tudes Arquitecto.<\/h2>\n\n\n\n<ul style=\"line-height:1.75\" class=\"wp-block-list is-style-checkmark-list\">\n<li>Colabora con otros arquitectos.<\/li>\n\n\n\n<li>Muestra tus proyectos.<\/li>\n\n\n\n<li>Experimenta el mundo de la arquitectura.<\/li>\n<\/ul>\n\n\n\n<div class=\"wp-block-buttons is-layout-flex wp-block-buttons-is-layout-flex\">\n<div class=\"wp-block-button\"><a class=\"wp-block-button__link wp-element-button\">Descargar aplicaci\u00f3n<\/a><\/div>\n\n\n\n<div class=\"wp-block-button is-style-outline is-style-outline--7\"><a class=\"wp-block-button__link wp-element-button\">C\u00f3mo funciona<\/a><\/div>\n<\/div>\n<\/div>\n\n\n\n<div class=\"wp-block-column is-vertically-aligned-center is-layout-flow wp-block-column-is-layout-flow\" style=\"flex-basis:50%\">\n<figure class=\"wp-block-image size-full is-style-rounded is-style-rounded--8\"><img decoding=\"async\" src=\"https:\/\/prueba.upv.edu.es\/wp-content\/themes\/twentytwentyfour\/assets\/images\/abstract-geometric-art.webp\" alt=\"Obra de arte geom\u00e9trica abstracta blanca de Dresde, Alemania\" style=\"aspect-ratio:4\/3;object-fit:cover\"\/><\/figure>\n<\/div>\n<\/div>\n<\/div>\n","protected":false},"excerpt":{"rendered":"<p>\u00c9tudes ofrece soluciones integrales de consultor\u00eda, gesti\u00f3n, dise\u00f1o e investigaci\u00f3n. Cada esfuerzo arquitect\u00f3nico es una oportunidad para dar forma al futuro. Dejando una huella indeleble en el paisaje del ma\u00f1ana. La revitalizada galer\u00eda de arte est\u00e1 llamada a redefinir el paisaje cultural. Con una meticulosa atenci\u00f3n al detalle y un compromiso con la excelencia, creamos [&hellip;]<\/p>\n","protected":false},"author":1,"featured_media":0,"parent":0,"menu_order":0,"comment_status":"closed","ping_status":"closed","template":"","meta":{"footnotes":""},"class_list":["post-6","page","type-page","status-publish","hentry"],"_links":{"self":[{"href":"https:\/\/prueba.upv.edu.es\/index.php?rest_route=\/wp\/v2\/pages\/6","targetHints":{"allow":["GET"]}}],"collection":[{"href":"https:\/\/prueba.upv.edu.es\/index.php?rest_route=\/wp\/v2\/pages"}],"about":[{"href":"https:\/\/prueba.upv.edu.es\/index.php?rest_route=\/wp\/v2\/types\/page"}],"author":[{"embeddable":true,"href":"https:\/\/prueba.upv.edu.es\/index.php?rest_route=\/wp\/v2\/users\/1"}],"replies":[{"embeddable":true,"href":"https:\/\/prueba.upv.edu.es\/index.php?rest_route=%2Fwp%2Fv2%2Fcomments&post=6"}],"version-history":[{"count":1,"href":"https:\/\/prueba.upv.edu.es\/index.php?rest_route=\/wp\/v2\/pages\/6\/revisions"}],"predecessor-version":[{"id":8,"href":"https:\/\/prueba.upv.edu.es\/index.php?rest_route=\/wp\/v2\/pages\/6\/revisions\/8"}],"wp:attachment":[{"href":"https:\/\/prueba.upv.edu.es\/index.php?rest_route=%2Fwp%2Fv2%2Fmedia&parent=6"}],"curies":[{"name":"wp","href":"https:\/\/api.w.org\/{rel}","templated":true}]}}